{"id":408,"date":"2026-03-27T10:33:30","date_gmt":"2026-03-27T10:33:30","guid":{"rendered":"https:\/\/desarrollosvidal.com\/?page_id=408"},"modified":"2026-03-27T10:39:46","modified_gmt":"2026-03-27T10:39:46","slug":"elementor-408","status":"publish","type":"page","link":"https:\/\/desarrollosvidal.com\/en\/elementor-408\/","title":{"rendered":"PRIVACY POLICY"},"content":{"rendered":"<div data-elementor-type=\"wp-page\" data-elementor-id=\"408\" class=\"elementor elementor-408\" data-elementor-post-type=\"page\">\n\t\t\t\t<div class=\"elementor-element elementor-element-117c09c e-flex e-con-boxed e-con e-parent\" data-id=\"117c09c\" data-element_type=\"container\" data-e-type=\"container\">\n\t\t\t\t\t<div class=\"e-con-inner\">\n\t\t\t\t<div class=\"elementor-element elementor-element-68084fd elementor-widget elementor-widget-heading\" data-id=\"68084fd\" data-element_type=\"widget\" data-e-type=\"widget\" data-widget_type=\"heading.default\">\n\t\t\t\t\t<h2 class=\"elementor-heading-title elementor-size-default\">PRIVACY POLICY<\/h2>\t\t\t\t<\/div>\n\t\t\t\t\t<\/div>\n\t\t\t\t<\/div>\n\t\t<div class=\"elementor-element elementor-element-ea2b961 e-flex e-con-boxed e-con e-parent\" data-id=\"ea2b961\" data-element_type=\"container\" data-e-type=\"container\">\n\t\t\t\t\t<div class=\"e-con-inner\">\n\t\t\t\t<div class=\"elementor-element elementor-element-477931c elementor-widget elementor-widget-text-editor\" data-id=\"477931c\" data-element_type=\"widget\" data-e-type=\"widget\" data-widget_type=\"text-editor.default\">\n\t\t\t\t\t\t\t\t\t<p data-start=\"648\" data-end=\"674\"><strong data-start=\"648\" data-end=\"674\">Privacy policy<\/strong><\/p><p data-start=\"676\" data-end=\"809\">Fill in the form below and we will get back to you as soon as possible.<\/p><p data-start=\"811\" data-end=\"863\"><strong data-start=\"811\" data-end=\"843\">Data Controller:<\/strong><br data-start=\"843\" data-end=\"846\" \/>Desarrollos Vidal<\/p><p data-start=\"865\" data-end=\"1094\"><strong data-start=\"865\" data-end=\"895\">Purpose of Data Processing:<\/strong><br data-start=\"895\" data-end=\"898\" \/>The data provided through this website will be used to respond to inquiries, manage requests, and, where applicable, send commercial communications if the user has given consent.<\/p><p data-start=\"1096\" data-end=\"1209\"><strong data-start=\"1096\" data-end=\"1113\">Legal Basis:<\/strong><br data-start=\"1113\" data-end=\"1116\" \/>The processing of data is based on the user\u2019s consent when submitting the form.<\/p><p data-start=\"1211\" data-end=\"1356\"><strong data-start=\"1211\" data-end=\"1241\">Data Retention:<\/strong><br data-start=\"1241\" data-end=\"1244\" \/>Data will be retained for as long as necessary to fulfill the purpose for which it was collected.<\/p><p data-start=\"1358\" data-end=\"1523\"><strong data-start=\"1358\" data-end=\"1383\">User Rights:<\/strong><br data-start=\"1383\" data-end=\"1386\" \/>Users may exercise their rights of access, rectification, erasure, and objection by sending a request to <a class=\"decorated-link cursor-pointer\" rel=\"noopener\" data-start=\"1497\" data-end=\"1522\">info@desarrollosvidal.com<\/a>.<\/p><p data-start=\"1525\" data-end=\"1602\"><strong data-start=\"1525\" data-end=\"1545\">Data Sharing:<\/strong><br data-start=\"1545\" data-end=\"1548\" \/>No data will be shared with third parties unless required by law.<\/p>\t\t\t\t\t\t\t\t<\/div>\n\t\t\t\t\t<\/div>\n\t\t\t\t<\/div>\n\t\t\t\t<\/div>","protected":false},"excerpt":{"rendered":"<p>POL\u00cdTICA DE PRIVACIDAD Pol\u00edtica de privacidad En cumplimiento de lo dispuesto en la normativa vigente en materia de protecci\u00f3n de [&hellip;]<\/p>\n","protected":false},"author":1,"featured_media":0,"parent":0,"menu_order":0,"comment_status":"closed","ping_status":"closed","template":"","meta":{"site-sidebar-layout":"no-sidebar","site-content-layout":"","ast-site-content-layout":"full-width-container","site-content-style":"default","site-sidebar-style":"default","ast-global-header-display":"","ast-banner-title-visibility":"","ast-main-header-display":"","ast-hfb-above-header-display":"","ast-hfb-below-header-display":"","ast-hfb-mobile-header-display":"","site-post-title":"disabled","ast-breadcrumbs-content":"","ast-featured-img":"disabled","footer-sml-layout":"","ast-disable-related-posts":"","theme-transparent-header-meta":"","adv-header-id-meta":"","stick-header-meta":"","header-above-stick-meta":"","header-main-stick-meta":"","header-below-stick-meta":"","astra-migrate-meta-layouts":"default","ast-page-background-enabled":"default","ast-page-background-meta":{"desktop":{"background-color":"var(--ast-global-color-5)","background-image":"","background-repeat":"repeat","background-position":"center center","background-size":"auto","background-attachment":"scroll","background-type":"","background-media":"","overlay-type":"","overlay-color":"","overlay-opacity":"","overlay-gradient":""},"tablet":{"background-color":"","background-image":"","background-repeat":"repeat","background-position":"center center","background-size":"auto","background-attachment":"scroll","background-type":"","background-media":"","overlay-type":"","overlay-color":"","overlay-opacity":"","overlay-gradient":""},"mobile":{"background-color":"","background-image":"","background-repeat":"repeat","background-position":"center center","background-size":"auto","background-attachment":"scroll","background-type":"","background-media":"","overlay-type":"","overlay-color":"","overlay-opacity":"","overlay-gradient":""}},"ast-content-background-meta":{"desktop":{"background-color":"var(--ast-global-color-4)","background-image":"","background-repeat":"repeat","background-position":"center center","background-size":"auto","background-attachment":"scroll","background-type":"","background-media":"","overlay-type":"","overlay-color":"","overlay-opacity":"","overlay-gradient":""},"tablet":{"background-color":"var(--ast-global-color-4)","background-image":"","background-repeat":"repeat","background-position":"center center","background-size":"auto","background-attachment":"scroll","background-type":"","background-media":"","overlay-type":"","overlay-color":"","overlay-opacity":"","overlay-gradient":""},"mobile":{"background-color":"var(--ast-global-color-4)","background-image":"","background-repeat":"repeat","background-position":"center center","background-size":"auto","background-attachment":"scroll","background-type":"","background-media":"","overlay-type":"","overlay-color":"","overlay-opacity":"","overlay-gradient":""}},"footnotes":""},"class_list":["post-408","page","type-page","status-publish","hentry"],"_hostinger_reach_plugin_has_subscription_block":false,"_hostinger_reach_plugin_is_elementor":false,"_links":{"self":[{"href":"https:\/\/desarrollosvidal.com\/en\/wp-json\/wp\/v2\/pages\/408","targetHints":{"allow":["GET"]}}],"collection":[{"href":"https:\/\/desarrollosvidal.com\/en\/wp-json\/wp\/v2\/pages"}],"about":[{"href":"https:\/\/desarrollosvidal.com\/en\/wp-json\/wp\/v2\/types\/page"}],"author":[{"embeddable":true,"href":"https:\/\/desarrollosvidal.com\/en\/wp-json\/wp\/v2\/users\/1"}],"replies":[{"embeddable":true,"href":"https:\/\/desarrollosvidal.com\/en\/wp-json\/wp\/v2\/comments?post=408"}],"version-history":[{"count":10,"href":"https:\/\/desarrollosvidal.com\/en\/wp-json\/wp\/v2\/pages\/408\/revisions"}],"predecessor-version":[{"id":419,"href":"https:\/\/desarrollosvidal.com\/en\/wp-json\/wp\/v2\/pages\/408\/revisions\/419"}],"wp:attachment":[{"href":"https:\/\/desarrollosvidal.com\/en\/wp-json\/wp\/v2\/media?parent=408"}],"curies":[{"name":"wp","href":"https:\/\/api.w.org\/{rel}","templated":true}]}}